{"id":12,"date":"2025-02-14T15:31:54","date_gmt":"2025-02-14T14:31:54","guid":{"rendered":"https:\/\/spssw.cz\/en\/?page_id=12"},"modified":"2025-02-14T15:31:54","modified_gmt":"2025-02-14T14:31:54","slug":"impressum","status":"publish","type":"page","link":"https:\/\/spssw.cz\/en\/impressum\/","title":{"rendered":"Impressum"},"content":{"rendered":"\n<p><strong>SPS software s.r.o.<\/strong>&nbsp;| R\u016f\u017eov\u00e1&nbsp;5363, 43004&nbsp;Chomutov<br>Represented: Dipl.-Ing. Wolf-Henning Stoll &amp; Sascha Aust<br>Tel.:&nbsp;<a href=\"tel:+420474624850\">+420 474 624 850<\/a>, Email:&nbsp;<a href=\"mailto:info@spssw.cz\">info@spssw.cz<\/a><br>Commercial register: C 48084\/KSUL Krajsk\u00fd soud v \u00dast\u00ed nad Labem<br>VAT number: CZ 14042312<\/p>\n\n\n\n<p><strong>SPS electronic GmbH<\/strong>&nbsp;| Eugen-Bolz-Stra\u00dfe 8, 74523 Schw\u00e4bisch Hall<br>Represented: Dipl.-Ing. Wolf-Henning Stoll &amp; Sascha Aust<br>Tel.: +49 791 20 212 0, Fax: +49 791 20 212 999, Email:&nbsp;<a href=\"mailto:info@spselectronic.com\">info@spselectronic.com<\/a><br>Commercial register: Amtsgericht Stuttgart HRB 570603<br>VAT number: DE 146784325&nbsp;<\/p>\n\n\n\n<p><strong>SPS electronic CZ s.r.o.<\/strong>&nbsp;| R\u016f\u017eov\u00e1&nbsp;5363, 43004&nbsp;Chomutov<br>Represented: Dipl.-Ing. Wolf-Henning Stoll<br>Tel.: +420 474 684 637, Fax: +420 474 684 096, Email:&nbsp;<a href=\"mailto:info@spselectronic.cz\">info@spselectronic.cz<\/a><br>Commercial register:&nbsp;\u00dast\u00ed&nbsp;nad&nbsp;Labem,&nbsp;section C,&nbsp;commercial&nbsp;19930<br>VAT number: CZ 25477846&nbsp;<\/p>\n\n\n\n<p><strong>SPS electronic Inc.<\/strong>&nbsp;| 1395 South Marietta Pkwy SE, Cobb, Marietta, 30067, Georgia<br>Represented: Dipl.-Ing. Wolf-Henning Stoll<br>Tel.: +1 770 485 0161, Email:&nbsp;<a href=\"mailto:info@spselectronic.com\">info@spselectronic.com<\/a><br>Commercial register: 17034376<br>VAT number: 37-1856230<\/p>\n\n\n\n<h2 class=\"wp-block-heading\">Disclaimer<\/h2>\n\n\n\n<h3 class=\"wp-block-heading\">1. Responsibility for content<\/h3>\n\n\n\n<p>The content of our site has been created with the utmost care. However, we cannot guarantee the accuracy of the content, completeness or timeliness. We are legally responsible for our own content on this website. In this context, please note that we are not obliged to monitor only transmitted or stored third party information or to investigate circumstances leading to illegal activity. Our obligation to remove or block the use of information in accordance with generally applicable laws thus remains unaffected in accordance with \u00a7\u00a7 8 to 10 of the Telemedia Act (TMG).<\/p>\n\n\n\n<h3 class=\"wp-block-heading\">2. Liability for links<\/h3>\n\n\n\n<p>The responsibility for the content of external links (to third-party websites) lies solely with the operators of the linked websites. We were not aware of any violations at the time of the connection. If we become aware of any legal violations, we will remove the link immediately.<\/p>\n\n\n\n<h3 class=\"wp-block-heading\">3. Copyright<\/h3>\n\n\n\n<p>Our website and its content are subject to copyright law. Unless expressly permitted by law, any form of use, reproduction or processing of a copyrighted work on our website requires the prior consent of the relevant rights owner. Individual reproductions of works are permitted only for private use, ie they may not be used directly or indirectly for gainful employment. Unauthorized use of copyrighted works is a criminal offense.<\/p>\n\n\n\n<p><strong>Information on the European Dispute Resolution Resolution:&nbsp;<\/strong>The European Commission provides a platform for online dispute resolution:&nbsp;<a href=\"http:\/\/ec.europa.eu\/consumers\/odr\">http:\/\/ec.europa.eu\/consumers\/odr<\/a><br>We prefer to resolve your requirements directly with you before resolving consumer disputes.<\/p>\n","protected":false},"excerpt":{"rendered":"<p>SPS software s.r.o.&nbsp;| R\u016f\u017eov\u00e1&nbsp;5363, 43004&nbsp;ChomutovRepresented: Dipl.-Ing. Wolf-Henning Stoll &amp; Sascha AustTel.:&nbsp;+420 474 624 850, Email:&nbsp;info@spssw.czCommercial register: C 48084\/KSUL Krajsk\u00fd soud v \u00dast\u00ed nad LabemVAT number: CZ 14042312 SPS electronic GmbH&nbsp;| Eugen-Bolz-Stra\u00dfe 8, 74523 Schw\u00e4bisch HallRepresented: Dipl.-Ing. Wolf-Henning Stoll &amp; Sascha AustTel.: +49 791 20 212 0, Fax: +49 791 20 212 999, Email:&nbsp;info@spselectronic.comCommercial register: Amtsgericht [&hellip;]<\/p>\n","protected":false},"author":1,"featured_media":0,"parent":0,"menu_order":0,"comment_status":"closed","ping_status":"closed","template":"","meta":{"_acf_changed":false,"footnotes":""},"class_list":["post-12","page","type-page","status-publish","hentry"],"acf":[],"_links":{"self":[{"href":"https:\/\/spssw.cz\/en\/wp-json\/wp\/v2\/pages\/12","targetHints":{"allow":["GET"]}}],"collection":[{"href":"https:\/\/spssw.cz\/en\/wp-json\/wp\/v2\/pages"}],"about":[{"href":"https:\/\/spssw.cz\/en\/wp-json\/wp\/v2\/types\/page"}],"author":[{"embeddable":true,"href":"https:\/\/spssw.cz\/en\/wp-json\/wp\/v2\/users\/1"}],"replies":[{"embeddable":true,"href":"https:\/\/spssw.cz\/en\/wp-json\/wp\/v2\/comments?post=12"}],"version-history":[{"count":1,"href":"https:\/\/spssw.cz\/en\/wp-json\/wp\/v2\/pages\/12\/revisions"}],"predecessor-version":[{"id":13,"href":"https:\/\/spssw.cz\/en\/wp-json\/wp\/v2\/pages\/12\/revisions\/13"}],"wp:attachment":[{"href":"https:\/\/spssw.cz\/en\/wp-json\/wp\/v2\/media?parent=12"}],"curies":[{"name":"wp","href":"https:\/\/api.w.org\/{rel}","templated":true}]}}